{"id":5,"date":"2019-12-31T16:13:21","date_gmt":"2019-12-31T15:13:21","guid":{"rendered":"https:\/\/www.gutenbrunner-elektrotechnik.at\/de\/?page_id=5"},"modified":"2023-01-21T12:40:40","modified_gmt":"2023-01-21T11:40:40","slug":"mesmerize","status":"publish","type":"page","link":"https:\/\/www.uniqx.at\/de\/","title":{"rendered":"Front Page"},"content":{"rendered":"<div  id=\"overlappable-1\" data-label=\"Overlappable\" data-id=\"overlappable-7-mc\" data-export-id=\"overlappable-7-mc\" data-category=\"overlappable\" class=\"overlappable-7-mc content-section content-section-spacing\" data-overlap=\"true\"><div  class=\"gridContainer\"> <div  data-type=\"row\" class=\"row shadow\"><div  class=\"col-xs-12 col-sm-6 col-md-3 col-padding-small col-padding-small-xs bg-color-white\"> <div  class=\"text-center\"><div  class=\"col-xs-12 col-sm-fit space-bottom-small-xs\"> <i  class=\"fa icon color-black fa-tree large\"><\/i><\/div> <div  data-type=\"column\" class=\"col-xs-12 col-sm\"><h4  class=\"\">Land- &amp; Forstwirtschaft<\/h4> <p  class=\"\">Besondere Anforderungen verlangen besondere L\u00f6sungen.<\/p><\/div> <\/div><\/div> <div  class=\"col-xs-12 col-sm-6 col-md-3 col-padding-small col-padding-small-xs bg-color-white\"><div  class=\"text-center\"> <div  class=\"col-xs-12 col-sm-fit space-bottom-small-xs\"><i  class=\"fa icon color-black fa-home large\"><\/i><\/div> <div  data-type=\"column\" class=\"col-xs-12 col-sm\"><h4  class=\"\">Smart Home<\/h4> <p  class=\"\">Integration von Beschattung, Heizung, Licht, Audio &amp; Co.<\/p><\/div> <\/div><\/div> <div  class=\"col-xs-12 col-sm-6 col-md-3 col-padding-small col-padding-small-xs bg-color-white\"><div  class=\"text-center\"> <div  class=\"col-xs-12 col-sm-fit space-bottom-small-xs\"><i  class=\"fa icon color-black fa-microchip large\"><\/i><\/div> <div  data-type=\"column\" class=\"col-xs-12 col-sm\"><h4  class=\"\">Engineering<\/h4> <p  class=\"\">Hard- u. Software \u2013 alles aus einer Hand<\/p><\/div> <\/div><\/div> <div  class=\"col-xs-12 col-sm-6 col-md-3 col-padding-small col-padding-small-xs bg-color-white\"><div  class=\"text-center\"> <div  class=\"col-xs-12 col-sm-fit space-bottom-small-xs\"><i  class=\"fa icon color-black fa-user-md large\"><\/i><\/div> <div  data-type=\"column\" class=\"col-xs-12 col-sm\"><h4  class=\"\">Erste Hilfe<\/h4> <p  class=\"\">Sie haben Fragen zu ihren Automatisierungsl\u00f6sungen?<\/p><\/div> <\/div><\/div> <\/div><\/div> <\/div><div  id=\"leistungen\" style=\"background-color: #f5fafd;\" data-label=\"Leistungen\" data-id=\"features-16-card-bordered\" data-export-id=\"features-16-card-bordered\" data-category=\"features\" class=\"features-16-card-bordered content-section content-section-spacing\"><div  class=\"gridContainer\"> <div  class=\"row text-center\"><div  class=\"section-title-col\" data-type=\"column\"> <h2  class=\"\" style=\"border-bottom-color: rgb(0, 153, 255);\">Was k\u00f6nnen Sie von uns erwarten?<\/h2> <p  class=\"lead\">Wir sind spezialisiert auf ihre besonderen Anforderungen. Was vor 25 Jahren mit der Reparatur von Funkfernsteuerungen f\u00fcr einen von unseren Partnern begonnen hat, ist jetzt zu einer Manufaktur von Kleinserien und Spezialanwendungen gereift, die uns aufgrund unserer flexiblen Anpassungsm\u00f6glichkeiten von anderen unterscheiden. Das Problem liegt oft im Detail \u2013 genau dort bringen wir den Mehrwert f\u00fcr ihre Gesch\u00e4ftsprozesse.<\/p><\/div> <\/div> <div  class=\"row spaced-cols\" data-type=\"row\"> <div  class=\"col-xs-12 col-sm-6 col-md-4\"> <div  class=\"card no-padding bordered y-move\"> <img decoding=\"async\"  class=\"face\" src=\"https:\/\/www.gutenbrunner-elektrotechnik.at\/de\/wp-content\/uploads\/2020\/01\/cropped-Fotolia_18655749_S.png\" alt=\"\" title=\"cropped-Fotolia_18655749_S.png\"> <div  data-type=\"column\" class=\"col-padding-small col-padding-small-xs description-container\"> <h4  class=\"font-500\">Land- &amp; Forstwirtschaft<\/h4> <p  class=\"\">Die Frage ist IKEA oder Ma\u00dfm\u00f6bel?\n<br >Es gibt zahlreiche Anbieter von denen sie hochqualitative Fertigsysteme direkt aus dem Online-Shop bestellen k\u00f6nnen. Definitiv sehr gute Produkte! F\u00fcr ihren Anwendungsfall fehlt aber eine Kleinigkeit \u2013 eine Kleinigkeit die sie bei jedem Abrbeitsschritt nervt\u2026<\/p><\/div> <div  data-type=\"column\" class=\"col-padding-small col-padding-small-xs read-more-container\"><a class=\"read-more\" href=\"https:\/\/www.uniqx.at\/de?page_id=261\" target=\"_self\" data-cp-link=\"1\" rel=\"noopener noreferrer\">zu den Produkten\u2026<\/a><\/div> <\/div><\/div> <div  class=\"col-xs-12 col-sm-6 col-md-4\"><div  class=\"card no-padding bordered y-move\"> <img decoding=\"async\"  class=\"face\" src=\"https:\/\/www.uniqx.at\/de\/wp-content\/uploads\/2021\/01\/cropped-Uniqx-29879-Gross-2.jpg\" alt=\"\" title=\"cropped-Uniqx-29879-Gross-2.jpg\"> <div  data-type=\"column\" class=\"col-padding-small col-padding-small-xs description-container\"> <h4  class=\"font-500\">Smart Home<\/h4> <p  class=\"\">Wir sind seit vielen Jahren zertifizierter L\u00f6sungspartner von LOXONE.\n<br >Als Silber-Partner haben wir zahlreiche Kundenprojekte umgesetzt und verwenden den Miniserver nicht nur f\u00fcr die Heimautomation\u2026<\/p><\/div> <div  data-type=\"column\" class=\"col-padding-small col-padding-small-xs read-more-container\"><a class=\"read-more\" href=\"https:\/\/www.uniqx.at\/de?page_id=16\" target=\"_self\" data-cp-link=\"1\" rel=\"noopener noreferrer\">zum Smart Home\u2026<\/a><\/div> <\/div><\/div> <div  class=\"col-xs-12 col-sm-6 col-md-4\"><div  class=\"card no-padding bordered y-move\"> <img decoding=\"async\"  class=\"face\" src=\"https:\/\/www.uniqx.at\/de\/wp-content\/uploads\/2021\/01\/cropped-Uniqx-29865-Gross.jpg\" alt=\"\" title=\"cropped-Uniqx-29865-Gross.jpg\"> <div  data-type=\"column\" class=\"col-padding-small col-padding-small-xs description-container\"> <h4  class=\"font-500\">Engineering<\/h4> <p  class=\"\">DIY Projekte scheitern oft an einer entsprechenden Planung und einer professionellen, technischen Ausarbeitung. Wir beraten sie gerne und unterst\u00fctzen sie bei der Entwicklung ihrer L\u00f6sung inkl. Aufbauanleitung, HW- u. SW \u2013 Entwicklung bis hin zur Inbetriebnahme.<\/p><\/div> <div  data-type=\"column\" class=\"col-padding-small col-padding-small-xs read-more-container\"><a  class=\"read-more\">learn more<\/a><\/div> <\/div><\/div> <\/div><\/div> <\/div><div  id=\"funkfernsteuerungen\" style=\"background-color: #ffffff;\" data-label=\"Funkfernsteuerungen\" data-id=\"content-2\" data-export-id=\"content-2\" data-category=\"content\" class=\"content-2 content-section content-section-spacing\"><div > <div  class=\"row middle-xs\"><div  class=\"col-sm-5 bg-image shadow-large-black\" data-bg=\"image\" style=\"background-image: url(&quot;https:\/\/www.uniqx.at\/de\/wp-content\/uploads\/2020\/11\/cropped-Fornax2s_pro_sendempf-1-2.png&quot;);\"><\/div> <div  class=\"col-sm-7 full-col-left-padding full-col-right-padding\"> <div  class=\"row\"> <div  data-type=\"column\" class=\"space-bottom-small content-title-col\"> <h5  class=\"\">industrieanwendungen<\/h5> <h2  class=\"\" style=\"border-bottom-color: rgb(0, 153, 255);\">Funkfernsteuerungen<\/h2> <p  class=\"\">Wir besch\u00e4ftigen uns seit mehr als 25 Jahren mit dem Fersteuern von Land- u. Forstwirtschaftlichen Ger\u00e4ten. Gemeinsam mit unserem Partner Tyro Remotes haben wir die neue Fornax 2S entwickelt \u2013 eine Reihe an funktionalen Alleinstellungsmerkmalen kombiniert mit ergonomischem Design.<\/p><\/div> <\/div> <div  class=\"row spaced-cols \" data-type=\"row\"> <div  class=\"col-xs-6\" data-type=\"column\"> <h5  class=\"\">FORSTSEILWINDEN<\/h5> <p  class=\"\">Wir sind sowohl Erstausstatter als auch Nachr\u00fcster f\u00fcr ihre elektrohydraulische Winde<\/p><\/div> <div  class=\"col-xs-6\" data-type=\"column\"><h5  class=\"\">HACKMASCHINE<\/h5> <p  class=\"\">Das beschicken einer Hackmaschine und deren Bedienung wurde f\u00fcr eine Kaufgemeinschaft automatisiert<\/p><\/div> <div  class=\"col-xs-6\" data-type=\"column\"><h5  class=\"\">MEGA HOLZSPALTER<\/h5> <p  class=\"\">Ein Riesen-Holzspalter-Prototyp wurde f\u00fcr eine Arbeitsgemeinschaft ferngesteuert inkl. Hand- u. Fu\u00df- bedienung<\/p><\/div> <div  class=\"col-xs-6\" data-type=\"column\"><h5  class=\"\">WURZELSTOCKFR\u00c4SE<\/h5> <p  class=\"\">F\u00fcr einen Gro\u00dfg\u00e4rtner haben wir eine fahrbare Wurzelstockfr\u00e4se ferngesteuert<\/p><\/div> <div  class=\"col-xs-6\" data-type=\"column\">  <a class=\"link\" href=\"https:\/\/www.uniqx.at\/de?page_id=261\" target=\"_self\" data-cp-link=\"1\" rel=\"noopener noreferrer\">&gt;&gt; zu den Produkten\u2026<\/a><\/div><\/div><\/div> <\/div><\/div> <\/div><div  id=\"smart-home\" style=\"background-color: #f5fafd;\" data-label=\"Smart Home\" data-id=\"content-3\" data-export-id=\"content-3\" data-category=\"content\" class=\"content-3 content-section content-section-spacing\"><div > <div  class=\"row middle-xs\"><div  class=\"col-sm-7 full-col-left-padding full-col-right-padding\"> <div  class=\"row\"><div  data-type=\"column\" class=\"space-bottom-small content-title-col\"> <h5  class=\"\">home automation<\/h5> <h2  class=\"\" style=\"border-bottom-color: rgb(0, 153, 255);\">Smart Home<\/h2> <p  class=\"\">Wir sind seit vielen Jahren zertifizierter Silber-Partner von LOXONE Electronics. Zahlreiche Smart Homes sind in dieser Zeit entstanden. Planung \u2013 Umsetzung \u2013 Service\u2026<\/p><\/div> <\/div> <div  class=\"row spaced-cols\" data-type=\"row\"> <div  class=\"col-xs-6\" data-type=\"column\"> <h5  class=\"\">BELEUCHTUNG<\/h5> <p  class=\"\">Licht als Einrichtungselement \u2013 mit dem breiten Spektrum an Beleuchtungsm\u00f6glichkeiten und einer intelligenten Steuerung schaffen sie wohnlichkeit in ihrem Zuhause<\/p><\/div> <div  class=\"col-xs-6\" data-type=\"column\"><h5  class=\"\">BESCHATTUNG<\/h5> <p  class=\"\">Herk\u00f6mmliche Jalousie- u. Raffstoresteuerungen k\u00f6nnen oft gar nicht od. sehr schwierig in die Haussteuerung integriert werden \u2013 mit LOXONE gelingt das in Perfektion<\/p><\/div> <div  class=\"col-xs-6\" data-type=\"column\"><h5  class=\"\">ALARMANLAGE<\/h5> <p  class=\"\">Voll integrierte Alarmanlage mit Signalisierung \u00fcber die Licht- u. Beschattungssteuerung<\/p><\/div> <div  class=\"col-xs-6\" data-type=\"column\"><h5  class=\"\">INTEGRIERTE SYSTEME<\/h5> <p  class=\"\">Smart wird ein Haus dann, wenn s\u00e4mtliche Gewerke integriert in ein Gesamtkonzept sind.<\/p><a class=\"link\" href=\"https:\/\/www.uniqx.at\/de?page_id=16\" target=\"_self\" data-cp-link=\"1\" rel=\"noopener noreferrer\">&gt;&gt; zum Smart Home \u2026<\/a><\/div> <\/div><\/div> <div  class=\"col-sm-5 bg-image shadow-large-black revert-classes-holder\" data-bg=\"image\" style=\"background-image: url(&quot;https:\/\/www.gutenbrunner-elektrotechnik.at\/de\/wp-content\/uploads\/2020\/01\/cropped-DSC_0029-scaled-1.jpg&quot;);\"><\/div><\/div> <\/div><\/div><div  id=\"portfolio-3\" style=\"background-color: #ffffff;\" data-label=\"Portfolio\" data-id=\"portfolio-4\" data-export-id=\"portfolio-4\" data-category=\"portfolio\" class=\"portfolio-4 content-section content-section-spacing-top\"><div  class=\"\"> <div  class=\"row text-center\"><div  class=\"section-title-col\" data-type=\"column\"> <h2  class=\"\" style=\"border-bottom-color: rgb(0, 153, 255);\">Portfolio<\/h2> <p  class=\"lead\">Hier ein paar Beispiele von umgesetzten Kundenprojekten. Gerne k\u00f6nnen wir ihnen unsere Referenzen weitergeben bzw. einen Besichtigungstermin vor Ort f\u00fcr sie vereinbaren.<\/p><\/div> <\/div> <div  data-type=\"row\" class=\"row\" data-fixed=\"true\"> <div  class=\"col-xs-12 col-sm-3 no-gutter-col\"> <div  class=\"contentswap-effect\" data-hover-fx=\"portfolio-4\"> <div  class=\"initial-image\"> <img decoding=\"async\"  data-size=\"542x360\" src=\"https:\/\/www.uniqx.at\/de\/wp-content\/uploads\/2020\/11\/cropped-Fornax2s_pro_sendempf-2.png\"><\/div> <div  class=\"overlay bg-color1\"><\/div> <div  class=\"swap-inner col-xs-12\"> <div  class=\"row full-height-row middle-xs middle-sm\"> <div  class=\"col-xs-12 text-center content-holder\"> <a href=\"#\" target=\"_self\" rel=\"noopener noreferrer\"><i  class=\"fa icon portfolio-icon fa-search big\" aria-hidden=\"true\"><\/i><\/a><\/div> <\/div><\/div> <\/div><\/div> <div  class=\"col-xs-12 col-sm-3 no-gutter-col\"><div  class=\"contentswap-effect\" data-hover-fx=\"portfolio-4\"> <div  class=\"initial-image\"> <img decoding=\"async\"  data-size=\"542x360\" src=\"https:\/\/www.uniqx.at\/de\/wp-content\/uploads\/2020\/11\/cropped-Fornax-2S-Flashlight-2.jpg\"><\/div> <div  class=\"overlay bg-color1\"><\/div> <div  class=\"swap-inner col-xs-12\"> <div  class=\"row full-height-row middle-xs middle-sm\"> <div  class=\"col-xs-12 text-center content-holder\"> <a href=\"#\" target=\"_self\" rel=\"noopener noreferrer\"><i  class=\"fa icon portfolio-icon fa-search big\" aria-hidden=\"true\"><\/i><\/a><\/div> <\/div><\/div> <\/div><\/div> <div  class=\"col-xs-12 col-sm-3 no-gutter-col\"><div  class=\"contentswap-effect\" data-hover-fx=\"portfolio-4\"> <div  class=\"initial-image\"> <img decoding=\"async\"  data-size=\"542x360\" src=\"https:\/\/www.gutenbrunner-elektrotechnik.at\/de\/wp-content\/uploads\/2020\/01\/cropped-IMAG0425-scaled-1.jpg\"><\/div> <div  class=\"overlay bg-color1\"><\/div> <div  class=\"swap-inner col-xs-12\"> <div  class=\"row full-height-row middle-xs middle-sm\"> <div  class=\"col-xs-12 text-center content-holder\"> <a href=\"#\" target=\"_self\" rel=\"noopener noreferrer\"><i  class=\"fa icon portfolio-icon fa-search big\" aria-hidden=\"true\"><\/i><\/a><\/div> <\/div><\/div> <\/div><\/div> <div  class=\"col-xs-12 col-sm-3 no-gutter-col\"><div  class=\"contentswap-effect\" data-hover-fx=\"portfolio-4\"> <div  class=\"initial-image\"> <img decoding=\"async\"  data-size=\"542x360\" src=\"https:\/\/www.gutenbrunner-elektrotechnik.at\/de\/wp-content\/uploads\/2020\/01\/cropped-IMAG0423-scaled-1.jpg\"><\/div> <div  class=\"overlay bg-color1\"><\/div> <div  class=\"swap-inner col-xs-12\"> <div  class=\"row full-height-row middle-xs middle-sm\"> <div  class=\"col-xs-12 text-center content-holder\"> <a href=\"#\" target=\"_self\" rel=\"noopener noreferrer\"><i  class=\"fa icon portfolio-icon fa-search big\" aria-hidden=\"true\"><\/i><\/a><\/div> <\/div><\/div> <\/div><\/div> <div  class=\"col-xs-12 col-sm-3 no-gutter-col\"><div  class=\"contentswap-effect\" data-hover-fx=\"portfolio-4\"> <div  class=\"initial-image\"> <img decoding=\"async\"  data-size=\"542x360\" src=\"https:\/\/www.gutenbrunner-elektrotechnik.at\/de\/wp-content\/uploads\/2020\/01\/cropped-DSC_0052-scaled-1.jpg\"><\/div> <div  class=\"overlay bg-color1\"><\/div> <div  class=\"swap-inner col-xs-12\"> <div  class=\"row full-height-row middle-xs middle-sm\"> <div  class=\"col-xs-12 text-center content-holder\"> <a href=\"#\" target=\"_self\" rel=\"noopener noreferrer\"><i  class=\"fa icon portfolio-icon fa-search big\" aria-hidden=\"true\"><\/i><\/a><\/div> <\/div><\/div> <\/div><\/div> <div  class=\"col-xs-12 col-sm-3 no-gutter-col\"><div  class=\"contentswap-effect\" data-hover-fx=\"portfolio-4\"> <div  class=\"initial-image\"> <img decoding=\"async\"  data-size=\"542x360\" src=\"https:\/\/www.gutenbrunner-elektrotechnik.at\/de\/wp-content\/uploads\/2020\/01\/cropped-DSC_0056-scaled-1.jpg\"><\/div> <div  class=\"overlay bg-color1\"><\/div> <div  class=\"swap-inner col-xs-12\"> <div  class=\"row full-height-row middle-xs middle-sm\"> <div  class=\"col-xs-12 text-center content-holder\"> <a href=\"#\" target=\"_self\" rel=\"noopener noreferrer\"><i  class=\"fa icon portfolio-icon fa-search big\" aria-hidden=\"true\"><\/i><\/a><\/div> <\/div><\/div> <\/div><\/div> <div  class=\"col-xs-12 col-sm-3 no-gutter-col\"><div  class=\"contentswap-effect\" data-hover-fx=\"portfolio-4\"> <div  class=\"initial-image\"> <img decoding=\"async\"  data-size=\"542x360\" src=\"https:\/\/www.gutenbrunner-elektrotechnik.at\/de\/wp-content\/uploads\/2020\/01\/cropped-IMG_4111-1.jpg\"><\/div> <div  class=\"overlay bg-color1\"><\/div> <div  class=\"swap-inner col-xs-12\"> <div  class=\"row full-height-row middle-xs middle-sm\"> <div  class=\"col-xs-12 text-center content-holder\"> <a href=\"#\" target=\"_self\" rel=\"noopener noreferrer\"><i  class=\"fa icon portfolio-icon fa-search big\" aria-hidden=\"true\"><\/i><\/a><\/div> <\/div><\/div> <\/div><\/div> <div  class=\"col-xs-12 col-sm-3 no-gutter-col\"><div  class=\"contentswap-effect\" data-hover-fx=\"portfolio-4\"> <div  class=\"initial-image\"> <img decoding=\"async\"  data-size=\"542x360\" src=\"https:\/\/www.gutenbrunner-elektrotechnik.at\/de\/wp-content\/uploads\/2020\/01\/cropped-IMG_4113-1-rotated-1.jpg\"><\/div> <div  class=\"overlay bg-color1\"><\/div> <div  class=\"swap-inner col-xs-12\"> <div  class=\"row full-height-row middle-xs middle-sm\"> <div  class=\"col-xs-12 text-center content-holder\"> <a href=\"#\" target=\"_self\" rel=\"noopener noreferrer\"><i  class=\"fa icon portfolio-icon fa-search big\" aria-hidden=\"true\"><\/i><\/a><\/div> <\/div><\/div> <\/div><\/div> <div  class=\"col-xs-12 col-sm-3 no-gutter-col\"> <div  class=\"contentswap-effect\" data-hover-fx=\"portfolio-4\"> <div  class=\"initial-image\"> <img decoding=\"async\"  data-size=\"542x360\" src=\"https:\/\/www.uniqx.at\/de\/wp-content\/uploads\/2021\/09\/PV_Anlage_5_klein-scaled.jpg\"><\/div> <div  class=\"overlay bg-color1\"><\/div> <div  class=\"swap-inner col-xs-12\"> <div  class=\"row full-height-row middle-xs middle-sm\"> <div  class=\"col-xs-12 text-center content-holder\"> <a href=\"#\" target=\"_self\" rel=\"noopener noreferrer\"><i  class=\"fa icon portfolio-icon fa-search big color-black\" aria-hidden=\"true\"><\/i><\/a><\/div> <\/div><\/div> <\/div><\/div><div  class=\"col-xs-12 col-sm-3 no-gutter-col\"> <div  class=\"contentswap-effect\" data-hover-fx=\"portfolio-4\"> <div  class=\"initial-image\"> <img decoding=\"async\"  data-size=\"542x360\" src=\"https:\/\/www.uniqx.at\/de\/wp-content\/uploads\/2021\/09\/PV_Anlage_2-scaled.jpg\"><\/div> <div  class=\"overlay bg-color1\"><\/div> <div  class=\"swap-inner col-xs-12\"> <div  class=\"row full-height-row middle-xs middle-sm\"> <div  class=\"col-xs-12 text-center content-holder\"> <a href=\"#\" target=\"_self\" rel=\"noopener noreferrer\"><i  class=\"fa icon portfolio-icon fa-search big color-black\" aria-hidden=\"true\"><\/i><\/a><\/div> <\/div><\/div> <\/div><\/div><div  class=\"col-xs-12 col-sm-3 no-gutter-col\"> <div  class=\"contentswap-effect\" data-hover-fx=\"portfolio-4\"> <div  class=\"initial-image\"> <img decoding=\"async\"  data-size=\"542x360\" src=\"https:\/\/www.uniqx.at\/de\/wp-content\/uploads\/2021\/09\/PV_Anlage_4-scaled.jpg\"><\/div> <div  class=\"overlay bg-color1\"><\/div> <div  class=\"swap-inner col-xs-12\"> <div  class=\"row full-height-row middle-xs middle-sm\"> <div  class=\"col-xs-12 text-center content-holder\"> <a href=\"#\" target=\"_self\" rel=\"noopener noreferrer\"><i  class=\"fa icon portfolio-icon fa-search big color-black\" aria-hidden=\"true\"><\/i><\/a><\/div> <\/div><\/div> <\/div><\/div><div  class=\"col-xs-12 col-sm-3 no-gutter-col\"> <div  class=\"contentswap-effect\" data-hover-fx=\"portfolio-4\"> <div  class=\"initial-image\"> <img decoding=\"async\"  data-size=\"542x360\" src=\"https:\/\/www.uniqx.at\/de\/wp-content\/uploads\/2021\/09\/PV_Anlage_1-scaled.jpg\"><\/div> <div  class=\"overlay bg-color1\"><\/div> <div  class=\"swap-inner col-xs-12\"> <div  class=\"row full-height-row middle-xs middle-sm\"> <div  class=\"col-xs-12 text-center content-holder\"> <a href=\"#\" target=\"_self\" rel=\"noopener noreferrer\"><i  class=\"fa icon portfolio-icon fa-search big color-black\" aria-hidden=\"true\"><\/i><\/a><\/div> <\/div><\/div> <\/div><\/div><\/div><\/div> <\/div><div  data-label=\"Team\" data-id=\"team--1\" data-export-id=\"team-1\" data-category=\"team\" class=\"team-1 content-section content-section-spacing\" id=\"team-3\" style=\"background-color: rgb(245, 250, 253);\"><div  class=\"gridContainer\"> <div  class=\"row text-center\"><div  class=\"section-title-col\" data-type=\"column\"> <h2  class=\"\" style=\"border-bottom-color: rgb(3, 169, 244);\">Ihre Ansprechpartner<\/h2> <\/div> <\/div> <div  class=\"row spaced-cols content-center-sm\" data-type=\"row\"> <div  class=\"col-xs-12 col-sm-6 col-md-6 \"> <div  class=\"card bottom-border-color1 no-padding no-shadow\"> <img decoding=\"async\"  class=\"face\" src=\"https:\/\/www.uniqx.at\/de\/wp-content\/uploads\/2021\/01\/cropped-202101_Portraet-HP_Chris_Willi-e1611333152167-1.jpg\" alt=\"\" title=\"cropped-202101_Portraet-HP_Chris_Willi-e1611333152167-1.jpg\"> <div  data-type=\"column\" class=\"col-padding-small col-padding-small-xs description-container\"> <h4  class=\"font-500\">Christian Gutenbrunner<\/h4>  <div  class=\"social-icons-group\" data-type=\"group\"> <a href=\"#\" target=\"_self\" data-reiki-hidden=\"true\" rel=\"noopener noreferrer\"><i  class=\"fa icon fa-facebook-square gray\"><\/i><\/a> <a href=\"#\" target=\"_self\" data-reiki-hidden=\"true\" rel=\"noopener noreferrer\"><i  class=\"fa icon fa-twitter-square gray\"><\/i><\/a> <a href=\"\/\/www.linkedin.com\/in\/christian-gutenbrunner-85b291b3\" target=\"_blank\" rel=\"noopener noreferrer\" class=\"\"><i  class=\"fa icon fa-linkedin-square gray\"><\/i><\/a> <a href=\"#\" target=\"_self\" data-reiki-hidden=\"true\" rel=\"noopener noreferrer\"><i  class=\"fa icon fa-google-plus-square gray\"><\/i><\/a><\/div> <\/div><\/div> <\/div> <div  class=\"col-xs-12 col-sm-6 col-md-6 \"> <div  class=\"card bottom-border-color1 no-padding no-shadow\"> <img decoding=\"async\"  class=\"face\" src=\"https:\/\/www.uniqx.at\/de\/wp-content\/uploads\/2021\/01\/cropped-202101_Portraet-HP_Chris_Willi-2-1.jpg\" alt=\"\" title=\"cropped-202101_Portraet-HP_Chris_Willi-2-1.jpg\"> <div  data-type=\"column\" class=\"col-padding-small col-padding-small-xs description-container\"> <h4  class=\"font-500\">Wilhelm Gutenbrunner<\/h4>  <div  class=\"social-icons-group\" data-type=\"group\"> <a href=\"\/\/www.facebook.com\/Uniqx-automation-104172994862925\" target=\"_blank\" rel=\"noopener noreferrer\" class=\"\"><i  class=\"fa icon fa-facebook-square gray\"><\/i><\/a> <a href=\"#\" target=\"_self\" data-reiki-hidden=\"true\" rel=\"noopener noreferrer\"><i  class=\"fa icon fa-twitter-square gray\"><\/i><\/a> <a href=\"#\" target=\"_self\" data-reiki-hidden=\"true\" rel=\"noopener noreferrer\"><i  class=\"fa icon fa-linkedin-square gray\"><\/i><\/a> <a href=\"#\" target=\"_self\" data-reiki-hidden=\"true\" rel=\"noopener noreferrer\"><i  class=\"fa icon fa-google-plus-square gray\"><\/i><\/a><\/div> <\/div><\/div> <\/div>      <\/div> <\/div><\/div><div data-label=\"Contact\" data-id=\"contact--1\" data-export-id=\"contact-3\" data-category=\"contact\" class=\"contact-3 content-section content-section-spacing\" id=\"contact-1\"  style=\"background-color: rgb(245, 250, 253); background-image: url(&quot;https:\/\/www.uniqx.at\/de\/wp-content\/uploads\/2023\/01\/contact_background.jpg&quot;); background-size: cover; background-position: center top;\" data-section-ov=\"1\"><div class=\"gridContainer\" > <div class=\"row\" ><div class=\"col-xs-12 col-sm-6 col-sm-offset-6 col-md-5 col-md-offset-7 text-center\" > <div data-type=\"column\" class=\"card large-padding\" ><h2 class=\"font-300\"  style=\"border-bottom-color: rgb(3, 169, 244);\">Kontakt<\/h2> <h4 class=\"font-300\" >Autstria<\/h4> <p class=\"\" >Finkenstra\u00dfe 19\n<br >4240 Freistadt<\/p> <p class=\"\" >Tel.: +43 7942 73458<\/p> <p class=\"\" >office@uniqx.at<\/p> <\/div> <\/div><\/div> <\/div><\/div><div  data-label=\"Impressum\" data-id=\"overlappable--1\" data-export-id=\"overlappable-4\" data-category=\"overlappable\" class=\"overlappable-4 content-section content-section-spacing\" data-overlap=\"true\" id=\"impressum\" style=\"background-color: rgb(255, 255, 255);\"><div  class=\"gridContainer\"> <div  data-type=\"row\" class=\"row spaced-cols text-center center-sm content-center-sm\">  <div  class=\"col-xs-12 col-sm-4 col-padding\"> <i  class=\"fa icon shadow-large-black aligncenter fa-barcode reverse round large color1\"><\/i> <div  data-type=\"column\" class=\"\"><h5  class=\"\">IMPRESSUM<\/h5> <p  class=\"\">UNIQX Automation GmbH<br >\nFinkenstra\u00dfe 19<br >\n4240 Freistadt<br ><br >\nFirmenbuchnummer: FN 548420 a<br >\nUID-Nummer: ATU76489836<\/p><\/div> <\/div><\/div> <\/div><\/div>","protected":false},"excerpt":{"rendered":"<p>Land- &amp; Forstwirtschaft Besondere Anforderungen verlangen besondere L\u00f6sungen. Smart Home Integration von Beschattung, Heizung, Licht, Audio &amp; Co. Engineering Hard- u. Software \u2013 alles aus einer Hand Erste Hilfe Sie haben Fragen zu ihren Automatisierungsl\u00f6sungen? Was k\u00f6nnen Sie von uns erwarten? Wir sind spezialisiert auf ihre besonderen Anforderungen. Was vor 25 Jahren mit der Reparatur&hellip; <br \/> <a class=\"read-more\" href=\"https:\/\/www.uniqx.at\/de\/\">Weiterlesen<\/a><\/p>\n","protected":false},"author":1,"featured_media":0,"parent":0,"menu_order":0,"comment_status":"closed","ping_status":"closed","template":"page-templates\/homepage.php","meta":[],"_links":{"self":[{"href":"https:\/\/www.uniqx.at\/de\/index.php?rest_route=\/wp\/v2\/pages\/5"}],"collection":[{"href":"https:\/\/www.uniqx.at\/de\/index.php?rest_route=\/wp\/v2\/pages"}],"about":[{"href":"https:\/\/www.uniqx.at\/de\/index.php?rest_route=\/wp\/v2\/types\/page"}],"author":[{"embeddable":true,"href":"https:\/\/www.uniqx.at\/de\/index.php?rest_route=\/wp\/v2\/users\/1"}],"replies":[{"embeddable":true,"href":"https:\/\/www.uniqx.at\/de\/index.php?rest_route=%2Fwp%2Fv2%2Fcomments&post=5"}],"version-history":[{"count":70,"href":"https:\/\/www.uniqx.at\/de\/index.php?rest_route=\/wp\/v2\/pages\/5\/revisions"}],"predecessor-version":[{"id":625,"href":"https:\/\/www.uniqx.at\/de\/index.php?rest_route=\/wp\/v2\/pages\/5\/revisions\/625"}],"wp:attachment":[{"href":"https:\/\/www.uniqx.at\/de\/index.php?rest_route=%2Fwp%2Fv2%2Fmedia&parent=5"}],"curies":[{"name":"wp","href":"https:\/\/api.w.org\/{rel}","templated":true}]}}