{"id":445,"date":"2020-11-30T19:42:09","date_gmt":"2020-11-30T18:42:09","guid":{"rendered":"https:\/\/www.uniqx.at\/de\/?page_id=445"},"modified":"2023-01-21T12:44:28","modified_gmt":"2023-01-21T11:44:28","slug":"preise","status":"publish","type":"page","link":"https:\/\/www.uniqx.at\/de\/?page_id=445","title":{"rendered":"Preise"},"content":{"rendered":"<div  data-label=\"Pricing\" data-id=\"pricing--1\" data-export-id=\"pricing-1\" data-category=\"pricing\" data-featured-class=\"pricing-featured\" class=\"pricing-1 content-section content-section-spacing\" id=\"pricing-1\" style=\"background-color: rgb(255, 255, 255);\"><div  class=\"gridContainer\"> <div  class=\"row\"><div  data-type=\"column\" class=\"section-title-col\"> <h2  class=\"text-center\" style=\"border-bottom-color: rgb(30, 115, 190);\">unsere unverbindlichen Listenpreise<\/h2> <p  class=\"lead\">F\u00fcr ein individuelles Angebot kontaktieren sie bitte einen unserer Fachh\u00e4ndler in ihrer N\u00e4he oder verwenden Sie unser Kontaktformular f\u00fcr eine Direktanfrage bei uns\u2026<\/p><\/div> <\/div> <div  data-type=\"row\" class=\"row spaced-cols\"> <div  class=\"col-xs-12 col-sm-6 text-center col-md-4 \"> <div  class=\"card shadow-small rounded\" data-default=\"shadow-small\" data-featured=\"shadow-large\" data-type=\"column\"> <h3  class=\"font-300 upper\">basic<\/h3><img decoding=\"async\"  class=\"custom-image\" src=\"https:\/\/www.uniqx.at\/de\/wp-content\/uploads\/2021\/09\/Fornax-2S-Pro-WB.jpg\" alt=\"\" title=\"Fornax 2S\"> <h3  class=\"h1\">ab \u20ac520<\/h3><p  class=\"small color1 custom-color\">exkl. Mwst.<\/p>  <ul  data-default=\"no-class\" data-featured=\"strong\" class=\"unstyled checked decoration-color1 black text-center\"><li >Ziehen<\/li><li >L\u00f6sen \/ Dauerl\u00f6sen<\/li><li >Notruf &amp; Notstopp<\/li><\/ul> <\/div> <\/div> <div  class=\"col-xs-12 col-sm-6 text-center pricing-featured col-md-4 \"> <div  class=\"card rounded shadow-large\" data-default=\"shadow-small\" data-featured=\"shadow-large\" data-type=\"column\"> <h3  class=\"font-300 upper\">DELTA<\/h3> <img decoding=\"async\"  class=\"custom-image\" src=\"https:\/\/www.uniqx.at\/de\/wp-content\/uploads\/2021\/09\/Fornax-2S-Pro-WB.jpg\" alt=\"\" title=\"Fornax 2S\"><h3  class=\"h1\">ab \u20ac630<\/h3> <p  class=\"small color1 custom-color\">exkl. Mwst.<\/p> <ul  data-default=\"no-class\" data-featured=\"strong\" class=\"unstyled checked decoration-color1 black strong text-center\"><li >Ziehen<\/li><li >L\u00f6sen \/ Dauerl\u00f6sen<\/li><li >Notruf &amp; Notstopp<\/li><li >Gas+\/- (Gasautomatik)<\/li><\/ul> <\/div> <\/div> <div  class=\"col-xs-12 col-sm-6 text-center col-md-4 \"> <div  class=\"card shadow-small rounded\" data-default=\"shadow-small\" data-featured=\"shadow-large\" data-type=\"column\"> <h3  class=\"font-300 upper\">PRO<\/h3> <img decoding=\"async\"  class=\"custom-image\" src=\"https:\/\/www.uniqx.at\/de\/wp-content\/uploads\/2021\/09\/Fornax-2S-Pro-WB.jpg\" alt=\"\" title=\"Fornax 2S\"><h3  class=\"h1\">ab \u20ac660<\/h3> <p  class=\"small color1 custom-color\">exkl. Mwst.<\/p> <ul  data-default=\"no-class\" data-featured=\"strong\" class=\"unstyled checked decoration-color1 black text-center\"><li >Ziehen<\/li><li >L\u00f6sen \/ Dauerl\u00f6sen<\/li><li >Notruf &amp; Notstopp<\/li><li >Gas +\/- (Gasautomatik)<\/li><li >Motor Start\/Stopp<\/li><\/ul> <\/div> <\/div> <\/div> <\/div><\/div><div  data-label=\"Pricing\" data-id=\"pricing--2\" data-export-id=\"pricing-1\" data-category=\"pricing\" data-featured-class=\"pricing-featured\" class=\"pricing-1 content-section content-section-spacing\" id=\"pricing-2\" style=\"background-color: rgb(245, 250, 253);\"><div  class=\"gridContainer\"> <div  class=\"row\"><div  data-type=\"column\" class=\"section-title-col\">  <\/div> <\/div> <div  data-type=\"row\" class=\"row spaced-cols\"> <div  class=\"col-xs-12 col-sm-6 text-center col-md-4 \"> <div  class=\"card shadow-small rounded\" data-default=\"shadow-small\" data-featured=\"shadow-large\" data-type=\"column\"> <h3  class=\"font-300 upper\">Scorpius Basic<\/h3> <img decoding=\"async\"  class=\"custom-image\" src=\"https:\/\/www.uniqx.at\/de\/wp-content\/uploads\/2021\/01\/cropped-Scorpius_basic.png\" alt=\"\" title=\"cropped-Scorpius_basic.png\"><h3  class=\"h1\">ab \u20ac460<\/h3> <p  class=\"small color1 custom-color\">exkl. Mwst.<\/p> <ul  data-default=\"no-class\" data-featured=\"strong\" class=\"unstyled checked decoration-color1 black text-center\"><li >Ziehen<\/li><li >L\u00f6sen \/ Dauerl\u00f6sen<\/li><li >Notruf &amp; Notstopp<\/li><\/ul> <\/div> <\/div> <div  class=\"col-xs-12 col-sm-6 text-center pricing-featured col-md-4 \"> <div  class=\"card rounded shadow-large\" data-default=\"shadow-small\" data-featured=\"shadow-large\" data-type=\"column\"> <h3  class=\"font-300 upper\">Scorpius Delta | pro<\/h3> <img decoding=\"async\"  class=\"custom-image\" src=\"https:\/\/www.uniqx.at\/de\/wp-content\/uploads\/2021\/01\/cropped-Tyro-22256-scaled-1.jpg\" alt=\"\" title=\"cropped-Tyro-22256-scaled-1.jpg\"><h3  class=\"h1\">ab \u20ac600<\/h3> <p  class=\"small color1 custom-color\">exkl. Mwst.<\/p> <ul  data-default=\"no-class\" data-featured=\"strong\" class=\"unstyled checked decoration-color1 black strong text-center\"><li >Ziehen (2x DT)<\/li><li >L\u00f6sen \/ Dauerl\u00f6sen (2x DT)<\/li><li >Notruf &amp; Notstopp<\/li><li >Gas +\/- (Gasautomatik)<\/li><li >Motor Start\/Stopp<\/li><li >eSTAB<\/li><\/ul> <\/div> <\/div> <div  class=\"col-xs-12 col-sm-6 text-center col-md-4 \"> <div  class=\"card shadow-small rounded\" data-default=\"shadow-small\" data-featured=\"shadow-large\" data-type=\"column\"> <h3  class=\"font-300 upper\">LOGIBOX<\/h3> <img decoding=\"async\"  class=\"custom-image\" src=\"https:\/\/www.uniqx.at\/de\/wp-content\/uploads\/2020\/11\/cropped-logibox-4.png\" alt=\"\" title=\"cropped-logibox-4.png\"><p  class=\"lead\">\n<\/p><h3  class=\"h1\">\u20ac387<\/h3> <p  class=\"small color1 custom-color\">exkl. Mwst.<\/p> <ul  data-default=\"no-class\" data-featured=\"strong\" class=\"unstyled checked decoration-color1 black text-center\"><li >8 Relaisausg\u00e4nge 16A<\/li><li >8 Eing\u00e4nge 12V\/GND<\/li><li >2 Polwendeausg\u00e4nge<\/li><li >1 Proportionalausgang<\/li><li >4 w\u00e4hlbare Sequenzen<\/li><li >Gasautomatik<\/li><\/ul> <\/div> <\/div> <\/div> <\/div><\/div><div  data-label=\"Pricing\" data-id=\"pricing--3\" data-export-id=\"pricing-5\" data-category=\"pricing\" data-featured-class=\"pricing-featured\" class=\"pricing-5 content-section content-section-spacing\" id=\"pricing-3\" style=\"background-color: rgb(255, 255, 255);\"><div  class=\"gridContainer\"> <div  class=\"row\"><div  data-type=\"column\" class=\"section-title-col\">  <\/div> <\/div> <div  data-type=\"row\" class=\"row spaced-cols\"> <div  class=\"col-xs-12 col-sm-4 text-center \"> <div  data-default=\"shadow-small\" data-featured=\"shadow-large\" data-type=\"column\" class=\"card shadow-small\"> <h3  class=\"font-300 upper\">eGAS<\/h3> <img decoding=\"async\"  class=\"custom-image\" src=\"https:\/\/www.uniqx.at\/de\/wp-content\/uploads\/2021\/01\/cropped-eGas.png\" alt=\"\" title=\"cropped-eGas.png\"><h3  class=\"h1\">\u20ac195<\/h3> <p  data-default=\"color1\" data-featured=\"color2\" class=\"small color1\">exkl. Mwst.<\/p> <ul  class=\"unstyled checked decoration-color1 black text-center\"><li >proportional 0 \u2013 5V<\/li><li >optional 5 \u2013 0 V<\/li><\/ul> <\/div> <\/div> <div  class=\"col-xs-12 col-sm-4 text-center pricing-featured\"> <div  data-default=\"shadow-small\" data-featured=\"shadow-large\" data-type=\"column\" class=\"card shadow-large\"> <h3  class=\"font-300 upper\">Gasstellmotor<\/h3>  <img decoding=\"async\"  class=\"custom-image\" src=\"https:\/\/www.uniqx.at\/de\/wp-content\/uploads\/2021\/01\/cropped-gasstellmotor-2.png\" alt=\"\" title=\"cropped-gasstellmotor-2.png\"><h3  class=\"h1\">ab \u20ac75<\/h3><p  data-default=\"color1\" data-featured=\"color2\" class=\"small color2\">exkl. Mwst<\/p> <ul  class=\"unstyled checked decoration-color1 black text-center\"><li >12 V <\/li><li >500 N<\/li><li >50 mm Hub (optional auch mehr)<\/li><\/ul> <\/div> <\/div> <\/div> <\/div><\/div>","protected":false},"excerpt":{"rendered":"<p>unsere unverbindlichen Listenpreise F\u00fcr ein individuelles Angebot kontaktieren sie bitte einen unserer Fachh\u00e4ndler in ihrer N\u00e4he oder verwenden Sie unser Kontaktformular f\u00fcr eine Direktanfrage bei uns\u2026 basic ab \u20ac520exkl. Mwst. ZiehenL\u00f6sen \/ Dauerl\u00f6senNotruf &amp; Notstopp DELTA ab \u20ac630 exkl. Mwst. ZiehenL\u00f6sen \/ Dauerl\u00f6senNotruf &amp; NotstoppGas+\/- (Gasautomatik) PRO ab \u20ac660 exkl. Mwst. ZiehenL\u00f6sen \/ Dauerl\u00f6senNotruf &amp;&hellip; <br \/> <a class=\"read-more\" href=\"https:\/\/www.uniqx.at\/de\/?page_id=445\">Weiterlesen<\/a><\/p>\n","protected":false},"author":2,"featured_media":0,"parent":0,"menu_order":0,"comment_status":"closed","ping_status":"closed","template":"pro\/page-templates\/full-width-page.php","meta":[],"_links":{"self":[{"href":"https:\/\/www.uniqx.at\/de\/index.php?rest_route=\/wp\/v2\/pages\/445"}],"collection":[{"href":"https:\/\/www.uniqx.at\/de\/index.php?rest_route=\/wp\/v2\/pages"}],"about":[{"href":"https:\/\/www.uniqx.at\/de\/index.php?rest_route=\/wp\/v2\/types\/page"}],"author":[{"embeddable":true,"href":"https:\/\/www.uniqx.at\/de\/index.php?rest_route=\/wp\/v2\/users\/2"}],"replies":[{"embeddable":true,"href":"https:\/\/www.uniqx.at\/de\/index.php?rest_route=%2Fwp%2Fv2%2Fcomments&post=445"}],"version-history":[{"count":10,"href":"https:\/\/www.uniqx.at\/de\/index.php?rest_route=\/wp\/v2\/pages\/445\/revisions"}],"predecessor-version":[{"id":627,"href":"https:\/\/www.uniqx.at\/de\/index.php?rest_route=\/wp\/v2\/pages\/445\/revisions\/627"}],"wp:attachment":[{"href":"https:\/\/www.uniqx.at\/de\/index.php?rest_route=%2Fwp%2Fv2%2Fmedia&parent=445"}],"curies":[{"name":"wp","href":"https:\/\/api.w.org\/{rel}","templated":true}]}}