{"id":360,"date":"2020-11-29T08:43:10","date_gmt":"2020-11-29T07:43:10","guid":{"rendered":"https:\/\/www.uniqx.at\/de\/?page_id=360"},"modified":"2021-01-09T16:40:52","modified_gmt":"2021-01-09T15:40:52","slug":"logibox","status":"publish","type":"page","link":"https:\/\/www.uniqx.at\/de\/?page_id=360","title":{"rendered":"LogiBox"},"content":{"rendered":"<div  data-label=\"Features\" data-id=\"features--1\" data-export-id=\"features-16\" data-category=\"features\" class=\"features-16 content-section content-section-spacing\" id=\"features-1\" style=\"background-color: rgb(255, 255, 255);\"><div  class=\"gridContainer\"> <div  class=\"row text-center\"><div  class=\"section-title-col\" data-type=\"column\"> <h2  class=\"\" style=\"border-bottom-color: rgb(3, 169, 244);\">alles unter Kontrolle\u2026<\/h2> <\/div> <\/div> <div  class=\"row spaced-cols\" data-type=\"row\"> <div  class=\"col-xs-12 col-sm-6 col-md-4 space-bottom\"> <img decoding=\"async\"  class=\"face\" src=\"https:\/\/www.uniqx.at\/de\/wp-content\/uploads\/2020\/11\/cropped-logibox.png\" alt=\"\" title=\"cropped-logibox.png\"> <div  data-type=\"column\" class=\"col-padding-small col-padding-small-xs description-container\"> <h4  class=\"font-500\">LogiBox<\/h4> <p  class=\"\">Die LogiBox erm\u00f6glicht ihnen die volle Nutzung ihrer Fernsteuerungsfunktionen \u2013 ein Empf\u00e4nger einer Funkfernsteuerung liefert lediglich einen Schaltkontakt f\u00fcr Motor Start bzw. einen Schaltkontakt f\u00fcr Motor Stopp \u2013 damit l\u00e4sst sich aber heutzutage kein Traktor starten oder abstellen\u2026<\/p> <\/div> <\/div> <div  class=\"col-xs-12 col-sm-6 col-md-4 space-bottom\"> <img decoding=\"async\"  class=\"face\" src=\"https:\/\/www.uniqx.at\/de\/wp-content\/uploads\/2021\/01\/cropped-uniforest_Claas.png\" alt=\"\" title=\"cropped-uniforest_Claas.png\"> <div  data-type=\"column\" class=\"col-padding-small col-padding-small-xs description-container\"> <h4  class=\"font-500\">Motor Start \/ Stopp<\/h4> <p  class=\"\">Speziell Motor-Start-Stop \u2013 eine Startsequenz eines neuen Traktors ben\u00f6tigt mit unter 7 Schaltsignale in zeitlich definierter, korrekter Reihenfolge. Mit der LogiBox sind sie in der Lage diese Sequenzen je nach Traktormodell zu implementieren. 4 Standardvarianten sind dabei w\u00e4hlbar\u2026<\/p> <\/div> <\/div> <div  class=\"col-xs-12 col-sm-6 col-md-4 space-bottom\"> <img decoding=\"async\"  class=\"face\" src=\"https:\/\/www.uniqx.at\/de\/wp-content\/uploads\/2020\/01\/cropped-Steyr-4075-6-scaled-4.jpg\" alt=\"\" title=\"cropped-Steyr-4075-6-scaled-4.jpg\"> <div  data-type=\"column\" class=\"col-padding-small col-padding-small-xs description-container\"> <h4  class=\"font-500\">Gasautomatik<\/h4> <p  class=\"\">Unsere LogiBox kann sowohl elektromechanische Linearzylinder bedienen als auch als elektronisches Gasmodul eingesetzt werden. Es k\u00f6nnen zwei Elektrozylinder in Polwendeschaltung angeschlossen werden die \u00fcber unsere ausgekl\u00fcgelte Gasautomatik zur Einhand-bedienung verf\u00fcgen \u2013 das Ganze funktioniert nat\u00fcrlich auch bei elektronischer Gasverstellung\u2026<\/p> <\/div> <\/div><\/div> <\/div><\/div>","protected":false},"excerpt":{"rendered":"<p>alles unter Kontrolle\u2026 LogiBox Die LogiBox erm\u00f6glicht ihnen die volle Nutzung ihrer Fernsteuerungsfunktionen \u2013 ein Empf\u00e4nger einer Funkfernsteuerung liefert lediglich einen Schaltkontakt f\u00fcr Motor Start bzw. einen Schaltkontakt f\u00fcr Motor Stopp \u2013 damit l\u00e4sst sich aber heutzutage kein Traktor starten oder abstellen\u2026 Motor Start \/ Stopp Speziell Motor-Start-Stop \u2013 eine Startsequenz eines neuen Traktors ben\u00f6tigt&hellip; <br \/> <a class=\"read-more\" href=\"https:\/\/www.uniqx.at\/de\/?page_id=360\">Weiterlesen<\/a><\/p>\n","protected":false},"author":2,"featured_media":0,"parent":0,"menu_order":0,"comment_status":"closed","ping_status":"closed","template":"pro\/page-templates\/full-width-page.php","meta":[],"_links":{"self":[{"href":"https:\/\/www.uniqx.at\/de\/index.php?rest_route=\/wp\/v2\/pages\/360"}],"collection":[{"href":"https:\/\/www.uniqx.at\/de\/index.php?rest_route=\/wp\/v2\/pages"}],"about":[{"href":"https:\/\/www.uniqx.at\/de\/index.php?rest_route=\/wp\/v2\/types\/page"}],"author":[{"embeddable":true,"href":"https:\/\/www.uniqx.at\/de\/index.php?rest_route=\/wp\/v2\/users\/2"}],"replies":[{"embeddable":true,"href":"https:\/\/www.uniqx.at\/de\/index.php?rest_route=%2Fwp%2Fv2%2Fcomments&post=360"}],"version-history":[{"count":6,"href":"https:\/\/www.uniqx.at\/de\/index.php?rest_route=\/wp\/v2\/pages\/360\/revisions"}],"predecessor-version":[{"id":523,"href":"https:\/\/www.uniqx.at\/de\/index.php?rest_route=\/wp\/v2\/pages\/360\/revisions\/523"}],"wp:attachment":[{"href":"https:\/\/www.uniqx.at\/de\/index.php?rest_route=%2Fwp%2Fv2%2Fmedia&parent=360"}],"curies":[{"name":"wp","href":"https:\/\/api.w.org\/{rel}","templated":true}]}}