{"id":2,"date":"2019-12-31T16:00:46","date_gmt":"2019-12-31T15:00:46","guid":{"rendered":"https:\/\/www.gutenbrunner-elektrotechnik.at\/de\/?page_id=2"},"modified":"2020-03-07T17:45:41","modified_gmt":"2020-03-07T16:45:41","slug":"reco-fernsteuerungen","status":"publish","type":"page","link":"https:\/\/www.uniqx.at\/de\/?page_id=2","title":{"rendered":"RECO serie"},"content":{"rendered":"\n<div class=\"is-layout-flex wp-container-3 wp-block-columns\">\n<div class=\"is-layout-flow wp-block-column\">\n<figure class=\"wp-block-image size-large\"><img decoding=\"async\" loading=\"lazy\" width=\"959\" height=\"410\" src=\"https:\/\/www.gutenbrunner-elektrotechnik.at\/de\/wp-content\/uploads\/2020\/03\/RECO-V_neu.png\" alt=\"\" class=\"wp-image-227\" srcset=\"https:\/\/www.uniqx.at\/de\/wp-content\/uploads\/2020\/03\/RECO-V_neu.png 959w, https:\/\/www.uniqx.at\/de\/wp-content\/uploads\/2020\/03\/RECO-V_neu-300x128.png 300w, https:\/\/www.uniqx.at\/de\/wp-content\/uploads\/2020\/03\/RECO-V_neu-768x328.png 768w\" sizes=\"(max-width: 959px) 100vw, 959px\" \/><\/figure>\n\n\n\n<p>Die RECO V ist das Einstiegsmodell der RECO Serie mit den Funktionen Ziehen, L\u00f6sen, kurz L\u00f6sen,&nbsp;Notruf, Gas+, Gas-.<\/p>\n\n\n\n<p><br>Bei der Gasfunktion ist standardm\u00e4\u00dfig eine Gasr\u00fcckstellautomatik implementiert, die nach dem Zuzug mit erh\u00f6hter\u00a0Motordrehzahl automatisch\u00a0wieder auf Standgas zur\u00fcckf\u00e4hrt um f\u00fcr den n\u00e4chsten\u00a0Zuzugzyklus\u00a0mit kupplungsschonender Standdrehzahl anzufahren (optional abschaltbar).<br><br>F\u00fcr die Notruffunktion\u00a0ist serienm\u00e4\u00dfig eine Zapfwellenabschaltung \u00fcber einen zus\u00e4tzlichen Schaltkontakt (potenzialfrei, +12V od. Masse) implementiert &#8211;\u00a0die entsprechende Verdrahtung an der Zugmaschine ist Voraussetzung.<br>\u00a0<br>Als Zubeh\u00f6r zur Erh\u00f6hung ihrer Arbeitssicherheit und zur Sicherheit ihres Materials empfehlen wir das Anti-Kipp-System AKS 2515 das ihre Zugmaschine +\/-25\u00b0 in der L\u00e4ngsachse und +\/-15\u00b0 in der Querachse\u00a0\u00fcberwacht und vor dem Umst\u00fcrtzen bewahrt.<\/p>\n\n\n\n<p><br>\u00a0<br><\/p>\n\n\n\n<figure class=\"wp-block-table\"><table class=\"\"><tbody><tr><td>Funktionen<\/td><td>Ziehen, L\u00f6sen, kurz-L\u00f6sen, Notruf, Gas+\/-, Turm+\/- od. Motor Start\/Stopp<\/td><\/tr><tr><td>Frequenzbereich<\/td><td>433,075 \u2013 433,525 MHz<\/td><\/tr><tr><td>Geh\u00e4use Schutzart<\/td><td>IP 65<\/td><\/tr><tr><td>Abmessungen [mm]*<\/td><td>120 x 100 x 44<\/td><\/tr><tr><td>Gewicht<\/td><td>450 g<\/td><\/tr><tr><td>Akku<\/td><td>NiMh, 2700 mAh<\/td><\/tr><tr><td>Betriebsdauer<\/td><td>\u00d8 2 Tage<\/td><\/tr><tr><td>Temperaturbereich<\/td><td>-15\u00b0 bis 80\u00b0<\/td><\/tr><tr><td>Empf\u00e4nger<\/td><td>ext. Antenne Steckerladeger\u00e4t7-pol. KFZ Stecker<\/td><\/tr><\/tbody><\/table><\/figure>\n<\/div>\n\n\n\n<div class=\"is-layout-flow wp-block-column\">\n<figure class=\"wp-block-image size-large\"><img decoding=\"async\" loading=\"lazy\" width=\"959\" height=\"410\" src=\"https:\/\/www.gutenbrunner-elektrotechnik.at\/de\/wp-content\/uploads\/2020\/01\/RECO-VII_neu.png\" alt=\"\" class=\"wp-image-72\" srcset=\"https:\/\/www.uniqx.at\/de\/wp-content\/uploads\/2020\/01\/RECO-VII_neu.png 959w, https:\/\/www.uniqx.at\/de\/wp-content\/uploads\/2020\/01\/RECO-VII_neu-300x128.png 300w, https:\/\/www.uniqx.at\/de\/wp-content\/uploads\/2020\/01\/RECO-VII_neu-768x328.png 768w\" sizes=\"(max-width: 959px) 100vw, 959px\" \/><\/figure>\n\n\n\n<p>Die RECO VII ist als oberste Ausbausstufe der RECO Serie mit den Funktionen Ziehen, L\u00f6sen, kurz L\u00f6sen,\u00a0Notruf, Gas+, Gas-, Motor Start, Motor Stopp\u00a0erh\u00e4ltlich.<br><br>Die Motor Start\/Stop &#8211; Funktion passen wir individuell auf den Startvorgang ihrer Zugmaschine an. In der Standardvariante beinhaltet der Startzyklus folgende Phasen:<br>\u00a0<br>1) Z\u00fcndung &#8211; Vorgl\u00fchen<br>2) Motor Start (Startbedingungen des Schleppers m\u00fcssen vorhanden sein)<br>3) Akustische Vorwarnung f\u00fcr Zapfwellenanlauf<br>4) Zapfwelle aktivieren<br>\u00a0<br>F\u00fcr die Notruffunktion\u00a0ist serienm\u00e4\u00dfig eine Zapfwellenabschaltung \u00fcber einen zus\u00e4tzlichen Schaltkontakt (potenzialfrei, +12V od. Masse) implementiert &#8211;\u00a0die entsprechende Verdrahtung an der Zugmaschine ist Voraussetzung.<br>\u00a0<br>Als Zubeh\u00f6r zur Erh\u00f6hung ihrer Arbeitssicherheit und zur Sicherheit ihres Materials empfehlen wir das Anti-Kipp-System AKS 2515 das ihre Zugmaschine +\/-25\u00b0 in der L\u00e4ngsachse und +\/-15\u00b0 in der Querachse\u00a0\u00fcberwacht und vor dem Umst\u00fcrtzen bewahrt.<br>\u00a0<br><\/p>\n\n\n\n<figure class=\"wp-block-table\"><table class=\"\"><tbody><tr><td>Funktionen<\/td><td>Ziehen, L\u00f6sen, kurz-L\u00f6sen, Notruf, Gas+\/-, Turm+\/- od. Motor Start\/Stopp<\/td><\/tr><tr><td>Frequenzbereich<\/td><td>433,075 \u2013 433,525 MHz<\/td><\/tr><tr><td>Geh\u00e4use Schutzart<\/td><td>IP 65<\/td><\/tr><tr><td>Abmessungen [mm]*<\/td><td>120 x 100 x 44<\/td><\/tr><tr><td>Gewicht<\/td><td>450 g<\/td><\/tr><tr><td>Akku<\/td><td>NiMh, 2700 mAh<\/td><\/tr><tr><td>Betriebsdauer<\/td><td>\u00d8 2 Tage<\/td><\/tr><tr><td>Temperaturbereich<\/td><td>-15\u00b0 bis 80\u00b0<\/td><\/tr><tr><td>Empf\u00e4nger<\/td><td>ext. Antenne Steckerladeger\u00e4t7-pol. KFZ Stecker<\/td><\/tr><\/tbody><\/table><\/figure>\n<\/div>\n<\/div>\n\n\n\n<p class=\"has-background has-very-light-gray-background-color\"> F\u00fcr die Notruffunktion&nbsp;ist serienm\u00e4\u00dfig eine Zapfwellenabschaltung \u00fcber einen zus\u00e4tzlichen Schaltkontakt (potenzialfrei, +12V od. Masse) implementiert &#8211;&nbsp;die entsprechende Verdrahtung an der Zugmaschine ist Voraussetzung.<br>&nbsp;<br>Als Zubeh\u00f6r zur Erh\u00f6hung ihrer Arbeitssicherheit und zur Sicherheit ihres Materials empfehlen wir das Anti-Kipp-System AKS 2515 das ihre Zugmaschine +\/-25\u00b0 in der L\u00e4ngsachse und +\/-15\u00b0 in der Querachse&nbsp;\u00fcberwacht und vor dem Umst\u00fcrtzen bewahrt. <\/p>\n","protected":false},"excerpt":{"rendered":"<p>Die RECO V ist das Einstiegsmodell der RECO Serie mit den Funktionen Ziehen, L\u00f6sen, kurz L\u00f6sen,&nbsp;Notruf, Gas+, Gas-. Bei der Gasfunktion ist standardm\u00e4\u00dfig eine Gasr\u00fcckstellautomatik implementiert, die nach dem Zuzug mit erh\u00f6hter\u00a0Motordrehzahl automatisch\u00a0wieder auf Standgas zur\u00fcckf\u00e4hrt um f\u00fcr den n\u00e4chsten\u00a0Zuzugzyklus\u00a0mit kupplungsschonender Standdrehzahl anzufahren (optional abschaltbar). F\u00fcr die Notruffunktion\u00a0ist serienm\u00e4\u00dfig eine Zapfwellenabschaltung \u00fcber einen zus\u00e4tzlichen Schaltkontakt&hellip; <br \/> <a class=\"read-more\" href=\"https:\/\/www.uniqx.at\/de\/?page_id=2\">Weiterlesen<\/a><\/p>\n","protected":false},"author":1,"featured_media":0,"parent":6,"menu_order":0,"comment_status":"closed","ping_status":"closed","template":"","meta":[],"_links":{"self":[{"href":"https:\/\/www.uniqx.at\/de\/index.php?rest_route=\/wp\/v2\/pages\/2"}],"collection":[{"href":"https:\/\/www.uniqx.at\/de\/index.php?rest_route=\/wp\/v2\/pages"}],"about":[{"href":"https:\/\/www.uniqx.at\/de\/index.php?rest_route=\/wp\/v2\/types\/page"}],"author":[{"embeddable":true,"href":"https:\/\/www.uniqx.at\/de\/index.php?rest_route=\/wp\/v2\/users\/1"}],"replies":[{"embeddable":true,"href":"https:\/\/www.uniqx.at\/de\/index.php?rest_route=%2Fwp%2Fv2%2Fcomments&post=2"}],"version-history":[{"count":6,"href":"https:\/\/www.uniqx.at\/de\/index.php?rest_route=\/wp\/v2\/pages\/2\/revisions"}],"predecessor-version":[{"id":231,"href":"https:\/\/www.uniqx.at\/de\/index.php?rest_route=\/wp\/v2\/pages\/2\/revisions\/231"}],"up":[{"embeddable":true,"href":"https:\/\/www.uniqx.at\/de\/index.php?rest_route=\/wp\/v2\/pages\/6"}],"wp:attachment":[{"href":"https:\/\/www.uniqx.at\/de\/index.php?rest_route=%2Fwp%2Fv2%2Fmedia&parent=2"}],"curies":[{"name":"wp","href":"https:\/\/api.w.org\/{rel}","templated":true}]}}