{"id":16,"date":"2020-01-03T11:14:24","date_gmt":"2020-01-03T10:14:24","guid":{"rendered":"https:\/\/www.gutenbrunner-elektrotechnik.at\/de\/?page_id=16"},"modified":"2023-01-21T13:07:47","modified_gmt":"2023-01-21T12:07:47","slug":"loxone-smart-home","status":"publish","type":"page","link":"https:\/\/www.uniqx.at\/de\/?page_id=16","title":{"rendered":"Loxone Smart Home"},"content":{"rendered":"<div  data-id=\"initial-content-section\" data-export-id=\"initial-content-section\" data-label=\"Initial Content\" id=\"initial-content-section\" class=\"content-section content-section-spacing content-relative\">\n   <div  class=\"gridContainer\">\n     <div  class=\"row\">\n\n        <div  class=\"col-xs-12 col-sm-12\">                <p ><\/p>\n<div  class=\"wp-block-columns\">\n<div  class=\"wp-block-column\">\n<h2  style=\"border-bottom-color: rgb(3, 169, 244);\">Licht&#8230;<\/h2>\n<p ><\/p>\n<p ><\/p>\n<figure  class=\"wp-block-image size-large\"><img decoding=\"async\" loading=\"lazy\" width=\"768\" height=\"1024\"  src=\"https:\/\/www.gutenbrunner-elektrotechnik.at\/de\/wp-content\/uploads\/2020\/01\/saune-768x1024.jpg\" alt=\"\" class=\"wp-image-92\" srcset=\"https:\/\/www.uniqx.at\/de\/wp-content\/uploads\/2020\/01\/saune-768x1024.jpg 768w, https:\/\/www.uniqx.at\/de\/wp-content\/uploads\/2020\/01\/saune-225x300.jpg 225w, https:\/\/www.uniqx.at\/de\/wp-content\/uploads\/2020\/01\/saune-1152x1536.jpg 1152w, https:\/\/www.uniqx.at\/de\/wp-content\/uploads\/2020\/01\/saune-1024x1365.jpg 1024w, https:\/\/www.uniqx.at\/de\/wp-content\/uploads\/2020\/01\/saune-810x1080.jpg 810w, https:\/\/www.uniqx.at\/de\/wp-content\/uploads\/2020\/01\/saune-rotated.jpg 1512w\" sizes=\"(max-width: 768px) 100vw, 768px\"><\/figure>\n<p ><\/p>\n<p ><\/p>\n<p  class=\"has-text-align-center has-cyan-bluish-gray-color has-text-color has-medium-font-size\">Licht als Einrichtungselement \u2013 wir unterst\u00fctzen sie bei der Planung ihrer Lichtszenen und beraten sie gerne WELCHES Leuchtmittel sie WIE einsetzen\u2026 <\/p>\n<p ><\/p><\/div>\n<p ><\/p>\n<p ><\/p>\n<div  class=\"wp-block-column\">\n<h2  style=\"border-bottom-color: rgb(3, 169, 244);\">&amp; Schatten&#8230;<\/h2>\n<p ><\/p>\n<p ><\/p>\n<figure  class=\"wp-block-image size-large\"><img decoding=\"async\" loading=\"lazy\" width=\"680\" height=\"1024\"  src=\"https:\/\/www.gutenbrunner-elektrotechnik.at\/de\/wp-content\/uploads\/2020\/01\/DSC_0052-680x1024.jpg\" alt=\"\" class=\"wp-image-86\" srcset=\"https:\/\/www.uniqx.at\/de\/wp-content\/uploads\/2020\/01\/DSC_0052-680x1024.jpg 680w, https:\/\/www.uniqx.at\/de\/wp-content\/uploads\/2020\/01\/DSC_0052-199x300.jpg 199w, https:\/\/www.uniqx.at\/de\/wp-content\/uploads\/2020\/01\/DSC_0052-768x1156.jpg 768w, https:\/\/www.uniqx.at\/de\/wp-content\/uploads\/2020\/01\/DSC_0052-1020x1536.jpg 1020w, https:\/\/www.uniqx.at\/de\/wp-content\/uploads\/2020\/01\/DSC_0052-1360x2048.jpg 1360w, https:\/\/www.uniqx.at\/de\/wp-content\/uploads\/2020\/01\/DSC_0052-1024x1542.jpg 1024w, https:\/\/www.uniqx.at\/de\/wp-content\/uploads\/2020\/01\/DSC_0052-717x1080.jpg 717w, https:\/\/www.uniqx.at\/de\/wp-content\/uploads\/2020\/01\/DSC_0052-scaled.jpg 1700w\" sizes=\"(max-width: 680px) 100vw, 680px\"><\/figure>\n<p ><\/p>\n<p ><\/p>\n<p  class=\"has-text-align-center has-cyan-bluish-gray-color has-text-color has-medium-font-size\">Moderne Architektur mit gro\u00dfen Glasfl\u00e4chen schafft behagliche Wohnlichkeit durch lichtdurchflutete R\u00e4ume \u2013 eine intelligente Beschattung verbindet die Vorteile mit dem notwendigen Schutz vor \u00dcberhitzung im Raum\u2026<\/p>\n<p ><\/p><\/div>\n<p ><\/p>\n<p ><\/p>\n<div  class=\"wp-block-column\">\n<h2  style=\"border-bottom-color: rgb(3, 169, 244);\">einfach Smart<\/h2>\n<p ><\/p>\n<p ><\/p>\n<figure  class=\"wp-block-image size-large is-style-default\"><img decoding=\"async\" loading=\"lazy\" width=\"480\" height=\"640\"  src=\"https:\/\/www.gutenbrunner-elektrotechnik.at\/de\/wp-content\/uploads\/2020\/01\/IMG_4113-1-rotated.jpg\" alt=\"\" class=\"wp-image-99\" srcset=\"https:\/\/www.uniqx.at\/de\/wp-content\/uploads\/2020\/01\/IMG_4113-1-rotated.jpg 480w, https:\/\/www.uniqx.at\/de\/wp-content\/uploads\/2020\/01\/IMG_4113-1-225x300.jpg 225w\" sizes=\"(max-width: 480px) 100vw, 480px\"><\/figure>\n<p ><\/p>\n<p ><\/p>\n<p  class=\"has-text-align-center has-cyan-bluish-gray-color has-text-color has-medium-font-size\">Smart ist ihr Haus dann, wenn die unterschiedlichen Komponenten wie Heizung, Beschattung, Lichtsteuerung, Sauna, Pool bis hin zur Alarmanlage integriert zusammenarbeiten und intuitiv zu bedienen sind\u2026<\/p>\n<p ><\/p><\/div>\n<p ><\/p><\/div>\n<p ><\/p>\n<p ><\/p>\n<figure  class=\"wp-block-image size-medium\"><img decoding=\"async\" loading=\"lazy\" width=\"300\" height=\"54\"  src=\"https:\/\/www.gutenbrunner-elektrotechnik.at\/de\/wp-content\/uploads\/2020\/02\/Loxone-Partner-Silver_2019-768x138-1-300x54.png\" alt=\"\" class=\"wp-image-182\" srcset=\"https:\/\/www.uniqx.at\/de\/wp-content\/uploads\/2020\/02\/Loxone-Partner-Silver_2019-768x138-1-300x54.png 300w, https:\/\/www.uniqx.at\/de\/wp-content\/uploads\/2020\/02\/Loxone-Partner-Silver_2019-768x138-1.png 768w\" sizes=\"(max-width: 300px) 100vw, 300px\"><figcaption ><strong >Wir sind langj\u00e4hriger, zertifizierter Loxone Partner<\/strong><\/figcaption><\/figure>\n<p ><\/p>\n<p ><\/p>\n<p ><\/p>\n\n          <\/div>\n      <\/div>\n  <\/div>\n<\/div><div data-label=\"Clients\" data-id=\"clients--1\" data-export-id=\"clients-3\" data-category=\"clients\" class=\"clients-3 content-section content-section-spacing\" id=\"clients-1\"  style=\"background-color: rgb(61, 230, 54); background-image: none;\"><div class=\"gridContainer\" > <div class=\"row text-center\" ><div data-type=\"column\" class=\"section-title-col\" > <h2 class=\"font-700\"  style=\"border-bottom-color: rgb(3, 169, 244);\">LOXONE<\/h2> <p class=\"lead\" >die flexible 360\u00b0 Smart Home L\u00f6sung f\u00fcr Ihr intelligentes Haus<\/p><\/div> <\/div> <div class=\"row spaced-cols padding-lr center-xs\" data-type=\"row\" > <div class=\"col-xs-12 col-sm-3\" > <div class=\"row middle-xs\" > <div class=\"col-xs-5 col-sm-4 logo-col\" data-fixed=\"true\" ><a data-cp-link=\"1\" href=\"\/\/www.loxone.com\/dede\" target=\"_blank\" rel=\"noopener\"><img decoding=\"async\" src=\"https:\/\/extendthemes.com\/assets\/mesmerize\/sections-images\/logo1.png\" ><\/a><\/div> <div class=\"col-xs-7 col-sm-8 start-xs\" data-type=\"column\" ><span class=\"company-name\" >LOXONE Home<\/span><\/div><\/div> <\/div> <div class=\"col-xs-12 col-sm-3\" > <div class=\"row middle-xs\" > <div class=\"col-xs-5 col-sm-4 logo-col\" data-fixed=\"true\" ><a data-cp-link=\"1\" href=\"\/\/shop.loxone.com\" target=\"_blank\" rel=\"noopener\"><img decoding=\"async\" src=\"https:\/\/extendthemes.com\/assets\/mesmerize\/sections-images\/logo2.png\" ><\/a><\/div> <div class=\"col-xs-7 col-sm-8 start-xs\" data-type=\"column\" ><span class=\"company-name\" >Shop<\/span><\/div><\/div> <\/div> <div class=\"col-xs-12 col-sm-3\" > <div class=\"row middle-xs\" > <div class=\"col-xs-5 col-sm-4 logo-col\" data-fixed=\"true\" ><a data-cp-link=\"1\" href=\"\/\/www.loxone.com\/dede\/produkte\/ueberblick\" target=\"_blank\" rel=\"noopener\"><img decoding=\"async\" src=\"https:\/\/extendthemes.com\/assets\/mesmerize\/sections-images\/logo3.png\" ><\/a><\/div> <div class=\"col-xs-7 col-sm-8 start-xs\" data-type=\"column\" ><span class=\"company-name\" >Produkte<\/span><\/div><\/div> <\/div> <div class=\"col-xs-12 col-sm-3\" > <div class=\"row middle-xs\" > <div class=\"col-xs-5 col-sm-4 logo-col\" data-fixed=\"true\" ><a data-cp-link=\"1\" href=\"\/\/www.loxone.com\/dede\/blog\/stories-inspiration\" target=\"_blank\" rel=\"noopener\"><img decoding=\"async\" src=\"https:\/\/extendthemes.com\/assets\/mesmerize\/sections-images\/logo4.png\" ><\/a><\/div> <div class=\"col-xs-7 col-sm-8 start-xs\" data-type=\"column\" ><span class=\"company-name\" >Inspiration<\/span><\/div><\/div> <\/div><\/div> <\/div><\/div>","protected":false},"excerpt":{"rendered":"<p>Licht&#8230; Licht als Einrichtungselement \u2013 wir unterst\u00fctzen sie bei der Planung ihrer Lichtszenen und beraten sie gerne WELCHES Leuchtmittel sie WIE einsetzen\u2026 &amp; Schatten&#8230; Moderne Architektur mit gro\u00dfen Glasfl\u00e4chen schafft behagliche Wohnlichkeit durch lichtdurchflutete R\u00e4ume \u2013 eine intelligente Beschattung verbindet die Vorteile mit dem notwendigen Schutz vor \u00dcberhitzung im Raum\u2026 einfach Smart Smart ist ihr&hellip; <br \/> <a class=\"read-more\" href=\"https:\/\/www.uniqx.at\/de\/?page_id=16\">Weiterlesen<\/a><\/p>\n","protected":false},"author":2,"featured_media":99,"parent":6,"menu_order":0,"comment_status":"closed","ping_status":"closed","template":"pro\/page-templates\/full-width-page.php","meta":[],"_links":{"self":[{"href":"https:\/\/www.uniqx.at\/de\/index.php?rest_route=\/wp\/v2\/pages\/16"}],"collection":[{"href":"https:\/\/www.uniqx.at\/de\/index.php?rest_route=\/wp\/v2\/pages"}],"about":[{"href":"https:\/\/www.uniqx.at\/de\/index.php?rest_route=\/wp\/v2\/types\/page"}],"author":[{"embeddable":true,"href":"https:\/\/www.uniqx.at\/de\/index.php?rest_route=\/wp\/v2\/users\/2"}],"replies":[{"embeddable":true,"href":"https:\/\/www.uniqx.at\/de\/index.php?rest_route=%2Fwp%2Fv2%2Fcomments&post=16"}],"version-history":[{"count":20,"href":"https:\/\/www.uniqx.at\/de\/index.php?rest_route=\/wp\/v2\/pages\/16\/revisions"}],"predecessor-version":[{"id":632,"href":"https:\/\/www.uniqx.at\/de\/index.php?rest_route=\/wp\/v2\/pages\/16\/revisions\/632"}],"up":[{"embeddable":true,"href":"https:\/\/www.uniqx.at\/de\/index.php?rest_route=\/wp\/v2\/pages\/6"}],"wp:featuredmedia":[{"embeddable":true,"href":"https:\/\/www.uniqx.at\/de\/index.php?rest_route=\/wp\/v2\/media\/99"}],"wp:attachment":[{"href":"https:\/\/www.uniqx.at\/de\/index.php?rest_route=%2Fwp%2Fv2%2Fmedia&parent=16"}],"curies":[{"name":"wp","href":"https:\/\/api.w.org\/{rel}","templated":true}]}}